{"id":530,"date":"2019-01-03T16:44:44","date_gmt":"2019-01-03T14:44:44","guid":{"rendered":"https:\/\/finquesgascon.cat\/?post_type=product&#038;p=530"},"modified":"2019-01-31T10:42:49","modified_gmt":"2019-01-31T08:42:49","slug":"pis-a-passeig-de-gracia","status":"publish","type":"product","link":"https:\/\/finquesgascon.cat\/es\/producto\/pis-a-passeig-de-gracia\/","title":{"rendered":"PIS A PASSEIG DE GRACIA"},"content":{"rendered":"<h1>1.780.000\u20ac<\/h1>\n<h3>200m2 a passeig de gracia<\/h3>\n<p>Exclusiu pis en finca r\u00e8gia de Passeig de Gr\u00e0cia. Amb balc\u00f3 a Passeig de Gr\u00e0cia i bonica galeria amb vista a cuidat pati interior de poma, t\u00edpic de l&#8217;eixample. Actualment es distribueix en 2 grans suites amb\u00a0vestidor\u00a0i amplis banys. 2 salons, cuina\/office\u00a0i quart de servei amb bany. Rebostos, trasters. S\u00f2ls de marbre. Possibilitat de segregaci\u00f3 en 2 pisos. Al pis li pertany traster en el terrat de l&#8217;edifici, d&#8217;\u00fas comunitari amb impressionants vistes a tot Barcelona. Conserge en l&#8217;edifici. A reformar.<\/p>\n","protected":false},"excerpt":{"rendered":"<p>1.780.000\u20ac 200m2 a passeig de gracia Exclusiu pis en finca r\u00e8gia de Passeig de Gr\u00e0cia. Amb balc\u00f3 a Passeig de Gr\u00e0cia i bonica galeria amb vista a cuidat pati interior de poma, t\u00edpic de l&#8217;eixample. Actualment es distribueix en 2 grans suites amb\u00a0vestidor\u00a0i amplis banys. 2 salons, cuina\/office\u00a0i quart de servei amb bany. Rebostos, trasters. [&hellip;]<\/p>\n","protected":false},"featured_media":552,"comment_status":"closed","ping_status":"closed","template":"","meta":[],"product_cat":[20,18],"product_tag":[],"yoast_head":"<!-- This site is optimized with the Yoast SEO plugin v20.9 - https:\/\/yoast.com\/wordpress\/plugins\/seo\/ -->\n<title>PIS A PASSEIG DE GRACIA - Finques Gascon<\/title>\n<meta name=\"robots\" content=\"index, follow, max-snippet:-1, max-image-preview:large, max-video-preview:-1\" \/>\n<link rel=\"canonical\" href=\"https:\/\/finquesgascon.cat\/es\/producto\/pis-a-passeig-de-gracia\/\" \/>\n<meta property=\"og:locale\" content=\"es_ES\" \/>\n<meta property=\"og:type\" content=\"article\" \/>\n<meta property=\"og:title\" content=\"PIS A PASSEIG DE GRACIA - Finques Gascon\" \/>\n<meta property=\"og:description\" content=\"1.780.000\u20ac 200m2 a passeig de gracia Exclusiu pis en finca r\u00e8gia de Passeig de Gr\u00e0cia. Amb balc\u00f3 a Passeig de Gr\u00e0cia i bonica galeria amb vista a cuidat pati interior de poma, t\u00edpic de l&#8217;eixample. Actualment es distribueix en 2 grans suites amb\u00a0vestidor\u00a0i amplis banys. 2 salons, cuina\/office\u00a0i quart de servei amb bany. Rebostos, trasters. [&hellip;]\" \/>\n<meta property=\"og:url\" content=\"https:\/\/finquesgascon.cat\/es\/producto\/pis-a-passeig-de-gracia\/\" \/>\n<meta property=\"og:site_name\" content=\"Finques Gascon\" \/>\n<meta property=\"article:publisher\" content=\"https:\/\/www.facebook.com\/finquesgascon\/\" \/>\n<meta property=\"article:modified_time\" content=\"2019-01-31T08:42:49+00:00\" \/>\n<meta property=\"og:image\" content=\"https:\/\/finquesgascon.cat\/wp-content\/uploads\/2019\/01\/20180921_103829.jpg\" \/>\n\t<meta property=\"og:image:width\" content=\"5312\" \/>\n\t<meta property=\"og:image:height\" content=\"2988\" \/>\n\t<meta property=\"og:image:type\" content=\"image\/jpeg\" \/>\n<script type=\"application\/ld+json\" class=\"yoast-schema-graph\">{\"@context\":\"https:\/\/schema.org\",\"@graph\":[{\"@type\":\"WebPage\",\"@id\":\"https:\/\/finquesgascon.cat\/es\/producto\/pis-a-passeig-de-gracia\/\",\"url\":\"https:\/\/finquesgascon.cat\/es\/producto\/pis-a-passeig-de-gracia\/\",\"name\":\"PIS A PASSEIG DE GRACIA - Finques Gascon\",\"isPartOf\":{\"@id\":\"https:\/\/finquesgascon.cat\/#website\"},\"datePublished\":\"2019-01-03T14:44:44+00:00\",\"dateModified\":\"2019-01-31T08:42:49+00:00\",\"breadcrumb\":{\"@id\":\"https:\/\/finquesgascon.cat\/es\/producto\/pis-a-passeig-de-gracia\/#breadcrumb\"},\"inLanguage\":\"es\",\"potentialAction\":[{\"@type\":\"ReadAction\",\"target\":[\"https:\/\/finquesgascon.cat\/es\/producto\/pis-a-passeig-de-gracia\/\"]}]},{\"@type\":\"BreadcrumbList\",\"@id\":\"https:\/\/finquesgascon.cat\/es\/producto\/pis-a-passeig-de-gracia\/#breadcrumb\",\"itemListElement\":[{\"@type\":\"ListItem\",\"position\":1,\"name\":\"Portada\",\"item\":\"https:\/\/finquesgascon.cat\/es\/inicio\/\"},{\"@type\":\"ListItem\",\"position\":2,\"name\":\"Pisos\",\"item\":\"https:\/\/finquesgascon.cat\/es\/?page_id=63\"},{\"@type\":\"ListItem\",\"position\":3,\"name\":\"PIS A PASSEIG DE GRACIA\"}]},{\"@type\":\"WebSite\",\"@id\":\"https:\/\/finquesgascon.cat\/#website\",\"url\":\"https:\/\/finquesgascon.cat\/\",\"name\":\"Finques Gascon\",\"description\":\"Finques Gascon\",\"potentialAction\":[{\"@type\":\"SearchAction\",\"target\":{\"@type\":\"EntryPoint\",\"urlTemplate\":\"https:\/\/finquesgascon.cat\/?s={search_term_string}\"},\"query-input\":\"required name=search_term_string\"}],\"inLanguage\":\"es\"}]}<\/script>\n<!-- \/ Yoast SEO plugin. -->","yoast_head_json":{"title":"PIS A PASSEIG DE GRACIA - Finques Gascon","robots":{"index":"index","follow":"follow","max-snippet":"max-snippet:-1","max-image-preview":"max-image-preview:large","max-video-preview":"max-video-preview:-1"},"canonical":"https:\/\/finquesgascon.cat\/es\/producto\/pis-a-passeig-de-gracia\/","og_locale":"es_ES","og_type":"article","og_title":"PIS A PASSEIG DE GRACIA - Finques Gascon","og_description":"1.780.000\u20ac 200m2 a passeig de gracia Exclusiu pis en finca r\u00e8gia de Passeig de Gr\u00e0cia. Amb balc\u00f3 a Passeig de Gr\u00e0cia i bonica galeria amb vista a cuidat pati interior de poma, t\u00edpic de l&#8217;eixample. Actualment es distribueix en 2 grans suites amb\u00a0vestidor\u00a0i amplis banys. 2 salons, cuina\/office\u00a0i quart de servei amb bany. Rebostos, trasters. [&hellip;]","og_url":"https:\/\/finquesgascon.cat\/es\/producto\/pis-a-passeig-de-gracia\/","og_site_name":"Finques Gascon","article_publisher":"https:\/\/www.facebook.com\/finquesgascon\/","article_modified_time":"2019-01-31T08:42:49+00:00","og_image":[{"width":5312,"height":2988,"url":"https:\/\/finquesgascon.cat\/wp-content\/uploads\/2019\/01\/20180921_103829.jpg","type":"image\/jpeg"}],"schema":{"@context":"https:\/\/schema.org","@graph":[{"@type":"WebPage","@id":"https:\/\/finquesgascon.cat\/es\/producto\/pis-a-passeig-de-gracia\/","url":"https:\/\/finquesgascon.cat\/es\/producto\/pis-a-passeig-de-gracia\/","name":"PIS A PASSEIG DE GRACIA - Finques Gascon","isPartOf":{"@id":"https:\/\/finquesgascon.cat\/#website"},"datePublished":"2019-01-03T14:44:44+00:00","dateModified":"2019-01-31T08:42:49+00:00","breadcrumb":{"@id":"https:\/\/finquesgascon.cat\/es\/producto\/pis-a-passeig-de-gracia\/#breadcrumb"},"inLanguage":"es","potentialAction":[{"@type":"ReadAction","target":["https:\/\/finquesgascon.cat\/es\/producto\/pis-a-passeig-de-gracia\/"]}]},{"@type":"BreadcrumbList","@id":"https:\/\/finquesgascon.cat\/es\/producto\/pis-a-passeig-de-gracia\/#breadcrumb","itemListElement":[{"@type":"ListItem","position":1,"name":"Portada","item":"https:\/\/finquesgascon.cat\/es\/inicio\/"},{"@type":"ListItem","position":2,"name":"Pisos","item":"https:\/\/finquesgascon.cat\/es\/?page_id=63"},{"@type":"ListItem","position":3,"name":"PIS A PASSEIG DE GRACIA"}]},{"@type":"WebSite","@id":"https:\/\/finquesgascon.cat\/#website","url":"https:\/\/finquesgascon.cat\/","name":"Finques Gascon","description":"Finques Gascon","potentialAction":[{"@type":"SearchAction","target":{"@type":"EntryPoint","urlTemplate":"https:\/\/finquesgascon.cat\/?s={search_term_string}"},"query-input":"required name=search_term_string"}],"inLanguage":"es"}]}},"_links":{"self":[{"href":"https:\/\/finquesgascon.cat\/es\/wp-json\/wp\/v2\/product\/530"}],"collection":[{"href":"https:\/\/finquesgascon.cat\/es\/wp-json\/wp\/v2\/product"}],"about":[{"href":"https:\/\/finquesgascon.cat\/es\/wp-json\/wp\/v2\/types\/product"}],"replies":[{"embeddable":true,"href":"https:\/\/finquesgascon.cat\/es\/wp-json\/wp\/v2\/comments?post=530"}],"wp:featuredmedia":[{"embeddable":true,"href":"https:\/\/finquesgascon.cat\/es\/wp-json\/wp\/v2\/media\/552"}],"wp:attachment":[{"href":"https:\/\/finquesgascon.cat\/es\/wp-json\/wp\/v2\/media?parent=530"}],"wp:term":[{"taxonomy":"product_cat","embeddable":true,"href":"https:\/\/finquesgascon.cat\/es\/wp-json\/wp\/v2\/product_cat?post=530"},{"taxonomy":"product_tag","embeddable":true,"href":"https:\/\/finquesgascon.cat\/es\/wp-json\/wp\/v2\/product_tag?post=530"}],"curies":[{"name":"wp","href":"https:\/\/api.w.org\/{rel}","templated":true}]}}