{"id":505,"date":"2019-01-03T13:59:35","date_gmt":"2019-01-03T11:59:35","guid":{"rendered":"https:\/\/finquesgascon.cat\/?post_type=product&#038;p=505"},"modified":"2019-01-03T13:59:35","modified_gmt":"2019-01-03T11:59:35","slug":"oficina-a-leixample","status":"publish","type":"product","link":"https:\/\/finquesgascon.cat\/es\/producto\/oficina-a-leixample\/","title":{"rendered":"OFICINA A L&#8217;EIXAMPLE"},"content":{"rendered":"<h1>8.000\u20ac<\/h1>\n<h3>Oficina de principio de siglo XX<\/h3>\n<p>En finca r\u00e8gia de principis del segle XX, amb elegant entrada i fent xamfr\u00e0, es lloga exclusiva oficina de 500m2 amb cuidada decoraci\u00f3\u00a0ArtDec\u00f3. Mant\u00e9 els sostres alts i cassetonats originals de la finca, 2 elegants xemeneies, revestiments de caoba. Es distribueix en gran zona de rebut, 13 despatxos, 5 amb balc\u00f3 al carrer, i 2 a mirador t\u00edpic de l&#8217;eixample, la resta s\u00f3n exteriors a pati interior de poma amb agradable terrassa. 4 banys,\u00a0office\u00a0i 4 amplis altells\/arxivo. La finca disposa de conserge, ascensor principal i\u00a0montacargas. \u00bb Perfecte per a not\u00e0ria, despatx d&#8217;advocats o banca privada. Al costat de Passeig de Gr\u00e0cia<\/p>\n<ul>\n<li>Caracteristiques\n<ul>\n<li>500m2<\/li>\n<li>13 Despatxos<\/li>\n<li>4 Banys<\/li>\n<\/ul>\n<\/li>\n<\/ul>\n","protected":false},"excerpt":{"rendered":"<p>8.000\u20ac Oficina de principio de siglo XX En finca r\u00e8gia de principis del segle XX, amb elegant entrada i fent xamfr\u00e0, es lloga exclusiva oficina de 500m2 amb cuidada decoraci\u00f3\u00a0ArtDec\u00f3. Mant\u00e9 els sostres alts i cassetonats originals de la finca, 2 elegants xemeneies, revestiments de caoba. Es distribueix en gran zona de rebut, 13 despatxos, [&hellip;]<\/p>\n","protected":false},"featured_media":506,"comment_status":"closed","ping_status":"closed","template":"","meta":[],"product_cat":[17,19],"product_tag":[],"yoast_head":"<!-- This site is optimized with the Yoast SEO plugin v20.9 - https:\/\/yoast.com\/wordpress\/plugins\/seo\/ -->\n<title>OFICINA A L&#039;EIXAMPLE - Finques Gascon<\/title>\n<meta name=\"robots\" content=\"index, follow, max-snippet:-1, max-image-preview:large, max-video-preview:-1\" \/>\n<link rel=\"canonical\" href=\"https:\/\/finquesgascon.cat\/es\/producto\/oficina-a-leixample\/\" \/>\n<meta property=\"og:locale\" content=\"es_ES\" \/>\n<meta property=\"og:type\" content=\"article\" \/>\n<meta property=\"og:title\" content=\"OFICINA A L&#039;EIXAMPLE - Finques Gascon\" \/>\n<meta property=\"og:description\" content=\"8.000\u20ac Oficina de principio de siglo XX En finca r\u00e8gia de principis del segle XX, amb elegant entrada i fent xamfr\u00e0, es lloga exclusiva oficina de 500m2 amb cuidada decoraci\u00f3\u00a0ArtDec\u00f3. Mant\u00e9 els sostres alts i cassetonats originals de la finca, 2 elegants xemeneies, revestiments de caoba. Es distribueix en gran zona de rebut, 13 despatxos, [&hellip;]\" \/>\n<meta property=\"og:url\" content=\"https:\/\/finquesgascon.cat\/es\/producto\/oficina-a-leixample\/\" \/>\n<meta property=\"og:site_name\" content=\"Finques Gascon\" \/>\n<meta property=\"article:publisher\" content=\"https:\/\/www.facebook.com\/finquesgascon\/\" \/>\n<meta property=\"og:image\" content=\"https:\/\/finquesgascon.cat\/wp-content\/uploads\/2019\/01\/roger-lluria019.jpg\" \/>\n\t<meta property=\"og:image:width\" content=\"4352\" \/>\n\t<meta property=\"og:image:height\" content=\"3264\" \/>\n\t<meta property=\"og:image:type\" content=\"image\/jpeg\" \/>\n<meta name=\"twitter:label1\" content=\"Tiempo de lectura\" \/>\n\t<meta name=\"twitter:data1\" content=\"1 minuto\" \/>\n<script type=\"application\/ld+json\" class=\"yoast-schema-graph\">{\"@context\":\"https:\/\/schema.org\",\"@graph\":[{\"@type\":\"WebPage\",\"@id\":\"https:\/\/finquesgascon.cat\/es\/producto\/oficina-a-leixample\/\",\"url\":\"https:\/\/finquesgascon.cat\/es\/producto\/oficina-a-leixample\/\",\"name\":\"OFICINA A L'EIXAMPLE - Finques Gascon\",\"isPartOf\":{\"@id\":\"https:\/\/finquesgascon.cat\/#website\"},\"datePublished\":\"2019-01-03T11:59:35+00:00\",\"dateModified\":\"2019-01-03T11:59:35+00:00\",\"breadcrumb\":{\"@id\":\"https:\/\/finquesgascon.cat\/es\/producto\/oficina-a-leixample\/#breadcrumb\"},\"inLanguage\":\"es\",\"potentialAction\":[{\"@type\":\"ReadAction\",\"target\":[\"https:\/\/finquesgascon.cat\/es\/producto\/oficina-a-leixample\/\"]}]},{\"@type\":\"BreadcrumbList\",\"@id\":\"https:\/\/finquesgascon.cat\/es\/producto\/oficina-a-leixample\/#breadcrumb\",\"itemListElement\":[{\"@type\":\"ListItem\",\"position\":1,\"name\":\"Portada\",\"item\":\"https:\/\/finquesgascon.cat\/es\/inicio\/\"},{\"@type\":\"ListItem\",\"position\":2,\"name\":\"Pisos\",\"item\":\"https:\/\/finquesgascon.cat\/es\/?page_id=63\"},{\"@type\":\"ListItem\",\"position\":3,\"name\":\"OFICINA A L&#8217;EIXAMPLE\"}]},{\"@type\":\"WebSite\",\"@id\":\"https:\/\/finquesgascon.cat\/#website\",\"url\":\"https:\/\/finquesgascon.cat\/\",\"name\":\"Finques Gascon\",\"description\":\"Finques Gascon\",\"potentialAction\":[{\"@type\":\"SearchAction\",\"target\":{\"@type\":\"EntryPoint\",\"urlTemplate\":\"https:\/\/finquesgascon.cat\/?s={search_term_string}\"},\"query-input\":\"required name=search_term_string\"}],\"inLanguage\":\"es\"}]}<\/script>\n<!-- \/ Yoast SEO plugin. -->","yoast_head_json":{"title":"OFICINA A L'EIXAMPLE - Finques Gascon","robots":{"index":"index","follow":"follow","max-snippet":"max-snippet:-1","max-image-preview":"max-image-preview:large","max-video-preview":"max-video-preview:-1"},"canonical":"https:\/\/finquesgascon.cat\/es\/producto\/oficina-a-leixample\/","og_locale":"es_ES","og_type":"article","og_title":"OFICINA A L'EIXAMPLE - Finques Gascon","og_description":"8.000\u20ac Oficina de principio de siglo XX En finca r\u00e8gia de principis del segle XX, amb elegant entrada i fent xamfr\u00e0, es lloga exclusiva oficina de 500m2 amb cuidada decoraci\u00f3\u00a0ArtDec\u00f3. Mant\u00e9 els sostres alts i cassetonats originals de la finca, 2 elegants xemeneies, revestiments de caoba. Es distribueix en gran zona de rebut, 13 despatxos, [&hellip;]","og_url":"https:\/\/finquesgascon.cat\/es\/producto\/oficina-a-leixample\/","og_site_name":"Finques Gascon","article_publisher":"https:\/\/www.facebook.com\/finquesgascon\/","og_image":[{"width":4352,"height":3264,"url":"https:\/\/finquesgascon.cat\/wp-content\/uploads\/2019\/01\/roger-lluria019.jpg","type":"image\/jpeg"}],"twitter_misc":{"Tiempo de lectura":"1 minuto"},"schema":{"@context":"https:\/\/schema.org","@graph":[{"@type":"WebPage","@id":"https:\/\/finquesgascon.cat\/es\/producto\/oficina-a-leixample\/","url":"https:\/\/finquesgascon.cat\/es\/producto\/oficina-a-leixample\/","name":"OFICINA A L'EIXAMPLE - Finques Gascon","isPartOf":{"@id":"https:\/\/finquesgascon.cat\/#website"},"datePublished":"2019-01-03T11:59:35+00:00","dateModified":"2019-01-03T11:59:35+00:00","breadcrumb":{"@id":"https:\/\/finquesgascon.cat\/es\/producto\/oficina-a-leixample\/#breadcrumb"},"inLanguage":"es","potentialAction":[{"@type":"ReadAction","target":["https:\/\/finquesgascon.cat\/es\/producto\/oficina-a-leixample\/"]}]},{"@type":"BreadcrumbList","@id":"https:\/\/finquesgascon.cat\/es\/producto\/oficina-a-leixample\/#breadcrumb","itemListElement":[{"@type":"ListItem","position":1,"name":"Portada","item":"https:\/\/finquesgascon.cat\/es\/inicio\/"},{"@type":"ListItem","position":2,"name":"Pisos","item":"https:\/\/finquesgascon.cat\/es\/?page_id=63"},{"@type":"ListItem","position":3,"name":"OFICINA A L&#8217;EIXAMPLE"}]},{"@type":"WebSite","@id":"https:\/\/finquesgascon.cat\/#website","url":"https:\/\/finquesgascon.cat\/","name":"Finques Gascon","description":"Finques Gascon","potentialAction":[{"@type":"SearchAction","target":{"@type":"EntryPoint","urlTemplate":"https:\/\/finquesgascon.cat\/?s={search_term_string}"},"query-input":"required name=search_term_string"}],"inLanguage":"es"}]}},"_links":{"self":[{"href":"https:\/\/finquesgascon.cat\/es\/wp-json\/wp\/v2\/product\/505"}],"collection":[{"href":"https:\/\/finquesgascon.cat\/es\/wp-json\/wp\/v2\/product"}],"about":[{"href":"https:\/\/finquesgascon.cat\/es\/wp-json\/wp\/v2\/types\/product"}],"replies":[{"embeddable":true,"href":"https:\/\/finquesgascon.cat\/es\/wp-json\/wp\/v2\/comments?post=505"}],"wp:featuredmedia":[{"embeddable":true,"href":"https:\/\/finquesgascon.cat\/es\/wp-json\/wp\/v2\/media\/506"}],"wp:attachment":[{"href":"https:\/\/finquesgascon.cat\/es\/wp-json\/wp\/v2\/media?parent=505"}],"wp:term":[{"taxonomy":"product_cat","embeddable":true,"href":"https:\/\/finquesgascon.cat\/es\/wp-json\/wp\/v2\/product_cat?post=505"},{"taxonomy":"product_tag","embeddable":true,"href":"https:\/\/finquesgascon.cat\/es\/wp-json\/wp\/v2\/product_tag?post=505"}],"curies":[{"name":"wp","href":"https:\/\/api.w.org\/{rel}","templated":true}]}}