{"id":330,"date":"2018-12-07T11:13:25","date_gmt":"2018-12-07T09:13:25","guid":{"rendered":"https:\/\/finquesgascon.cat\/?page_id=330"},"modified":"2019-09-13T10:34:36","modified_gmt":"2019-09-13T08:34:36","slug":"historia","status":"publish","type":"page","link":"https:\/\/finquesgascon.cat\/es\/historia\/","title":{"rendered":"Historia"},"content":{"rendered":"\n<style type=\"text\/css\" data-created_by=\"avia_inline_auto\" id=\"style-css-av-av_section-5cc711ef2fa141bf13ef03fe9c710cc0\">\n.avia-section.av-av_section-5cc711ef2fa141bf13ef03fe9c710cc0 .av-parallax .av-parallax-inner{\nbackground-repeat:no-repeat;\nbackground-image:url(https:\/\/finquesgascon.cat\/wp-content\/uploads\/2018\/12\/HIstoria.jpg);\nbackground-position:50% 50%;\nbackground-attachment:scroll;\n}\n<\/style>\n<div id='av_section_1'  class='avia-section av-av_section-5cc711ef2fa141bf13ef03fe9c710cc0 main_color avia-section-default avia-no-shadow  avia-builder-el-0  el_before_av_one_fifth  avia-builder-el-first  av-parallax-section avia-bg-style-parallax container_wrap sidebar_right'  data-section-bg-repeat='no-repeat'><div class='av-parallax' data-avia-parallax-ratio='0.3' ><div class='av-parallax-inner main_color avia-full-stretch'><\/div><\/div><div class='container av-section-cont-open' ><main  role=\"main\" itemprop=\"mainContentOfPage\"  class='template-page content  av-content-small alpha units'><div class='post-entry post-entry-type-page post-entry-330'><div class='entry-content-wrapper clearfix'>\n\n<style type=\"text\/css\" data-created_by=\"avia_inline_auto\" id=\"style-css-av-av_heading-955941af4612864268e59d4c54e9447f\">\n#top .av-special-heading.av-av_heading-955941af4612864268e59d4c54e9447f{\npadding-bottom:10px;\ncolor:#ffffff;\n}\nbody .av-special-heading.av-av_heading-955941af4612864268e59d4c54e9447f .av-special-heading-tag .heading-char{\nfont-size:25px;\n}\n.av-special-heading.av-av_heading-955941af4612864268e59d4c54e9447f .special-heading-inner-border{\nborder-color:#ffffff;\n}\n.av-special-heading.av-av_heading-955941af4612864268e59d4c54e9447f .av-subheading{\nfont-size:15px;\n}\n<\/style>\n<div  class='av-special-heading av-av_heading-955941af4612864268e59d4c54e9447f av-special-heading-h1 custom-color-heading blockquote modern-quote modern-centered  avia-builder-el-1  avia-builder-el-no-sibling '><h1 class='av-special-heading-tag'  itemprop=\"headline\"  >Nuestra historia<\/h1><div class=\"special-heading-border\"><div class=\"special-heading-inner-border\"><\/div><\/div><\/div>\n<\/div><\/div><\/main><!-- close content main element --><\/div><\/div><div id='after_section_1'  class='main_color av_default_container_wrap container_wrap sidebar_right'  ><div class='container av-section-cont-open' ><div class='template-page content  av-content-small alpha units'><div class='post-entry post-entry-type-page post-entry-330'><div class='entry-content-wrapper clearfix'>\n\n<style type=\"text\/css\" data-created_by=\"avia_inline_auto\" id=\"style-css-av-av_one_fifth-15d750bd1b332b34c6e70b077ebbccdf\">\n.flex_column.av-av_one_fifth-15d750bd1b332b34c6e70b077ebbccdf{\n-webkit-border-radius:0px 0px 0px 0px;\n-moz-border-radius:0px 0px 0px 0px;\nborder-radius:0px 0px 0px 0px;\npadding:0px 0px 0px 0px;\n}\n<\/style>\n<div  class='flex_column av-av_one_fifth-15d750bd1b332b34c6e70b077ebbccdf av_one_fifth  avia-builder-el-2  el_after_av_section  el_before_av_three_fifth  avia-builder-el-first  first flex_column_div av-zero-column-padding  '     ><\/div>\n\n<style type=\"text\/css\" data-created_by=\"avia_inline_auto\" id=\"style-css-av-av_three_fifth-c8fc129dc35fd1ae2a1e410224d39ea8\">\n.flex_column.av-av_three_fifth-c8fc129dc35fd1ae2a1e410224d39ea8{\n-webkit-border-radius:0px 0px 0px 0px;\n-moz-border-radius:0px 0px 0px 0px;\nborder-radius:0px 0px 0px 0px;\npadding:0px 0px 0px 0px;\n}\n<\/style>\n<div  class='flex_column av-av_three_fifth-c8fc129dc35fd1ae2a1e410224d39ea8 av_three_fifth  avia-builder-el-3  el_after_av_one_fifth  el_before_av_section  avia-builder-el-last  flex_column_div av-zero-column-padding  '     ><section  class='av_textblock_section av-av_textblock-2de302bf1aa3cf4c9157dbe6f50ac7eb '   itemscope=\"itemscope\" itemtype=\"https:\/\/schema.org\/CreativeWork\" ><div class='avia_textblock'  itemprop=\"text\" ><p style=\"text-align: center;\"><strong>Finques Gascon<\/strong> fue fundada\u00a0 en Barcelona en 1968, desde entonces su actividad principal ha sido la Administraci\u00f3n de fincas, los arrendamientos y la gesti\u00f3n de patrimonios.<\/p>\n<p style=\"text-align: center;\">A lo largo de su trayectoria, la empresa se ha dotado de un equipo multidisciplinar de personas y colaboradores, que le ha permitido ampliar su cat\u00e1logo de servicios \u00a0con la finalidad de procurar una atenci\u00f3n integral a sus clientes, para ello ha incorporado las herramientas tecnol\u00f3gicas necesarias para ofrecer una dedicaci\u00f3n personalizada, pr\u00f3xima e inmediata.<\/p>\n<p style=\"text-align: center;\">Nuestra filosof\u00eda es dar el mejor Servicio, estamos siempre a disposici\u00f3n de nuestros clientes, generamos confianza, ofrecemos tranquilidad.<\/p>\n<p style=\"text-align: center;\"><em><strong>\u00abSIEMPRE CONTIGO\u00bb<\/strong><\/em><\/p>\n<\/div><\/section><\/div>\n<\/div><\/div><\/div><!-- close content main div --><\/div><\/div>\n<style type=\"text\/css\" data-created_by=\"avia_inline_auto\" id=\"style-css-av-av_section-fe8735062c42961f4663112a8ea033a2\">\n.avia-section.av-av_section-fe8735062c42961f4663112a8ea033a2 .av-parallax .av-parallax-inner{\nbackground-color:#f2f2f2;\nbackground-image:url(https:\/\/finquesgascon.cat\/wp-content\/uploads\/2015\/07\/logo-web.png);\nbackground-repeat:no-repeat;\nbackground-position:50% 50%;\nbackground-attachment:scroll;\n}\n<\/style>\n<div id='av_section_2'  class='avia-section av-av_section-fe8735062c42961f4663112a8ea033a2 main_color avia-section-default avia-no-shadow  avia-builder-el-5  el_after_av_three_fifth  avia-builder-el-last  av-parallax-section avia-bg-style-parallax container_wrap sidebar_right'  data-section-bg-repeat='no-repeat'><div class='av-parallax' data-avia-parallax-ratio='0.3' ><div class='av-parallax-inner main_color avia-full-stretch'><\/div><\/div><div class='container av-section-cont-open' ><div class='template-page content  av-content-small alpha units'><div class='post-entry post-entry-type-page post-entry-330'><div class='entry-content-wrapper clearfix'>\n\n<style type=\"text\/css\" data-created_by=\"avia_inline_auto\" id=\"style-css-av-av_one_third-15d750bd1b332b34c6e70b077ebbccdf\">\n.flex_column.av-av_one_third-15d750bd1b332b34c6e70b077ebbccdf{\n-webkit-border-radius:0px 0px 0px 0px;\n-moz-border-radius:0px 0px 0px 0px;\nborder-radius:0px 0px 0px 0px;\npadding:0px 0px 0px 0px;\n}\n<\/style>\n<div  class='flex_column av-av_one_third-15d750bd1b332b34c6e70b077ebbccdf av_one_third  avia-builder-el-6  el_before_av_one_third  avia-builder-el-first  first flex_column_div av-zero-column-padding  '     ><p>\n<style type=\"text\/css\" data-created_by=\"avia_inline_auto\" id=\"style-css-av-av_image-ddef583a14e4e097de1b933b62b2a135\">\n.avia-image-container.av-av_image-ddef583a14e4e097de1b933b62b2a135 img.avia_image{\nbox-shadow:none;\n}\n.avia-image-container.av-av_image-ddef583a14e4e097de1b933b62b2a135 .av-image-caption-overlay-center{\ncolor:#ffffff;\n}\n<\/style>\n<div  class='avia-image-container av-av_image-ddef583a14e4e097de1b933b62b2a135 av-styling-circle avia-align-center  avia-builder-el-7  el_before_av_textblock  avia-builder-el-first '   itemprop=\"image\" itemscope=\"itemscope\" itemtype=\"https:\/\/schema.org\/ImageObject\" ><div class=\"avia-image-container-inner\"><div class=\"avia-image-overlay-wrap\"><img decoding=\"async\" class='wp-image-343 avia-img-lazy-loading-not-343 avia_image ' src=\"https:\/\/finquesgascon.cat\/wp-content\/uploads\/2018\/12\/historia01.jpg\" alt='historia01' title=''  height=\"500\" width=\"500\"  itemprop=\"thumbnailUrl\" srcset=\"https:\/\/finquesgascon.cat\/wp-content\/uploads\/2018\/12\/historia01.jpg 500w, https:\/\/finquesgascon.cat\/wp-content\/uploads\/2018\/12\/historia01-80x80.jpg 80w, https:\/\/finquesgascon.cat\/wp-content\/uploads\/2018\/12\/historia01-300x300.jpg 300w, https:\/\/finquesgascon.cat\/wp-content\/uploads\/2018\/12\/historia01-36x36.jpg 36w, https:\/\/finquesgascon.cat\/wp-content\/uploads\/2018\/12\/historia01-180x180.jpg 180w, https:\/\/finquesgascon.cat\/wp-content\/uploads\/2018\/12\/historia01-100x100.jpg 100w\" sizes=\"(max-width: 500px) 100vw, 500px\" \/><\/div><\/div><\/div><br \/>\n\n<style type=\"text\/css\" data-created_by=\"avia_inline_auto\" id=\"style-css-av-av_textblock-ad111bd0451c51b618e82876f36871cb\">\n#top .av_textblock_section.av-av_textblock-ad111bd0451c51b618e82876f36871cb .avia_textblock{\nfont-size:16px;\n}\n<\/style>\n<section  class='av_textblock_section av-av_textblock-ad111bd0451c51b618e82876f36871cb '   itemscope=\"itemscope\" itemtype=\"https:\/\/schema.org\/CreativeWork\" ><div class='avia_textblock'  itemprop=\"text\" ><p style=\"text-align: center;\"><strong>1969 &#8211; 1983<\/strong><br \/>\nSucesor de L. Amat \u2013 R. Gascon Abogado<br \/>\nRonda Sant Antoni, 59-61 9\u00aa Planta<\/p>\n<\/div><\/section><\/p><\/div>\n<style type=\"text\/css\" data-created_by=\"avia_inline_auto\" id=\"style-css-av-av_one_third-c8fc129dc35fd1ae2a1e410224d39ea8\">\n.flex_column.av-av_one_third-c8fc129dc35fd1ae2a1e410224d39ea8{\n-webkit-border-radius:0px 0px 0px 0px;\n-moz-border-radius:0px 0px 0px 0px;\nborder-radius:0px 0px 0px 0px;\npadding:0px 0px 0px 0px;\n}\n<\/style>\n<div  class='flex_column av-av_one_third-c8fc129dc35fd1ae2a1e410224d39ea8 av_one_third  avia-builder-el-9  el_after_av_one_third  el_before_av_one_third  flex_column_div av-zero-column-padding  '     ><p>\n<style type=\"text\/css\" data-created_by=\"avia_inline_auto\" id=\"style-css-av-av_image-91385ae82e92b59ccf8541a8089705b8\">\n.avia-image-container.av-av_image-91385ae82e92b59ccf8541a8089705b8 img.avia_image{\nbox-shadow:none;\n}\n.avia-image-container.av-av_image-91385ae82e92b59ccf8541a8089705b8 .av-image-caption-overlay-center{\ncolor:#ffffff;\n}\n<\/style>\n<div  class='avia-image-container av-av_image-91385ae82e92b59ccf8541a8089705b8 av-styling-circle avia-align-center  avia-builder-el-10  el_before_av_textblock  avia-builder-el-first '   itemprop=\"image\" itemscope=\"itemscope\" itemtype=\"https:\/\/schema.org\/ImageObject\" ><div class=\"avia-image-container-inner\"><div class=\"avia-image-overlay-wrap\"><img decoding=\"async\" class='wp-image-344 avia-img-lazy-loading-not-344 avia_image ' src=\"https:\/\/finquesgascon.cat\/wp-content\/uploads\/2018\/12\/historia02.jpg\" alt='' title=''  height=\"500\" width=\"500\"  itemprop=\"thumbnailUrl\" srcset=\"https:\/\/finquesgascon.cat\/wp-content\/uploads\/2018\/12\/historia02.jpg 500w, https:\/\/finquesgascon.cat\/wp-content\/uploads\/2018\/12\/historia02-80x80.jpg 80w, https:\/\/finquesgascon.cat\/wp-content\/uploads\/2018\/12\/historia02-300x300.jpg 300w, https:\/\/finquesgascon.cat\/wp-content\/uploads\/2018\/12\/historia02-36x36.jpg 36w, https:\/\/finquesgascon.cat\/wp-content\/uploads\/2018\/12\/historia02-180x180.jpg 180w, https:\/\/finquesgascon.cat\/wp-content\/uploads\/2018\/12\/historia02-100x100.jpg 100w\" sizes=\"(max-width: 500px) 100vw, 500px\" \/><\/div><\/div><\/div><br \/>\n\n<style type=\"text\/css\" data-created_by=\"avia_inline_auto\" id=\"style-css-av-av_textblock-ad111bd0451c51b618e82876f36871cb\">\n#top .av_textblock_section.av-av_textblock-ad111bd0451c51b618e82876f36871cb .avia_textblock{\nfont-size:16px;\n}\n<\/style>\n<section  class='av_textblock_section av-av_textblock-ad111bd0451c51b618e82876f36871cb '   itemscope=\"itemscope\" itemtype=\"https:\/\/schema.org\/CreativeWork\" ><div class='avia_textblock'  itemprop=\"text\" ><p style=\"text-align: center;\"><strong>1984 &#8211; 2014<\/strong><br \/>\nFinques Gascon \u2013 Ramon Gascon, S.L.<br \/>\nArag\u00f3, 281 Ppal 2\u00aa esq. Pau Claris<\/p>\n<\/div><\/section><\/p><\/div>\n<style type=\"text\/css\" data-created_by=\"avia_inline_auto\" id=\"style-css-av-av_one_third-c8fc129dc35fd1ae2a1e410224d39ea8\">\n.flex_column.av-av_one_third-c8fc129dc35fd1ae2a1e410224d39ea8{\n-webkit-border-radius:0px 0px 0px 0px;\n-moz-border-radius:0px 0px 0px 0px;\nborder-radius:0px 0px 0px 0px;\npadding:0px 0px 0px 0px;\n}\n<\/style>\n<div  class='flex_column av-av_one_third-c8fc129dc35fd1ae2a1e410224d39ea8 av_one_third  avia-builder-el-12  el_after_av_one_third  el_before_av_hr  flex_column_div av-zero-column-padding  '     ><p>\n<style type=\"text\/css\" data-created_by=\"avia_inline_auto\" id=\"style-css-av-av_image-9b0fe2ce374abdf83814ccf1b76680ed\">\n.avia-image-container.av-av_image-9b0fe2ce374abdf83814ccf1b76680ed img.avia_image{\nbox-shadow:none;\n}\n.avia-image-container.av-av_image-9b0fe2ce374abdf83814ccf1b76680ed .av-image-caption-overlay-center{\ncolor:#ffffff;\n}\n<\/style>\n<div  class='avia-image-container av-av_image-9b0fe2ce374abdf83814ccf1b76680ed av-styling-circle avia-align-center  avia-builder-el-13  el_before_av_textblock  avia-builder-el-first '   itemprop=\"image\" itemscope=\"itemscope\" itemtype=\"https:\/\/schema.org\/ImageObject\" ><div class=\"avia-image-container-inner\"><div class=\"avia-image-overlay-wrap\"><img decoding=\"async\" class='wp-image-900 avia-img-lazy-loading-not-900 avia_image ' src=\"https:\/\/finquesgascon.cat\/wp-content\/uploads\/2019\/09\/historia02-3.jpg\" alt='historia02-3' title=''  height=\"500\" width=\"500\"  itemprop=\"thumbnailUrl\" srcset=\"https:\/\/finquesgascon.cat\/wp-content\/uploads\/2019\/09\/historia02-3.jpg 500w, https:\/\/finquesgascon.cat\/wp-content\/uploads\/2019\/09\/historia02-3-80x80.jpg 80w, https:\/\/finquesgascon.cat\/wp-content\/uploads\/2019\/09\/historia02-3-300x300.jpg 300w, https:\/\/finquesgascon.cat\/wp-content\/uploads\/2019\/09\/historia02-3-36x36.jpg 36w, https:\/\/finquesgascon.cat\/wp-content\/uploads\/2019\/09\/historia02-3-180x180.jpg 180w, https:\/\/finquesgascon.cat\/wp-content\/uploads\/2019\/09\/historia02-3-100x100.jpg 100w\" sizes=\"(max-width: 500px) 100vw, 500px\" \/><\/div><\/div><\/div><br \/>\n\n<style type=\"text\/css\" data-created_by=\"avia_inline_auto\" id=\"style-css-av-av_textblock-ad111bd0451c51b618e82876f36871cb\">\n#top .av_textblock_section.av-av_textblock-ad111bd0451c51b618e82876f36871cb .avia_textblock{\nfont-size:16px;\n}\n<\/style>\n<section  class='av_textblock_section av-av_textblock-ad111bd0451c51b618e82876f36871cb '   itemscope=\"itemscope\" itemtype=\"https:\/\/schema.org\/CreativeWork\" ><div class='avia_textblock'  itemprop=\"text\" ><p style=\"text-align: center;\"><strong>Actualmente<\/strong><br \/>\nFinques Gascon\u00a0 S.L.<br \/>\nDiputaci\u00f3, 268, Baixos<\/p>\n<\/div><\/section><\/p><\/div>\n<style type=\"text\/css\" data-created_by=\"avia_inline_auto\" id=\"style-css-av-av_hr-5ea7596238ed9f191e6b5e662093052f\">\n#top .hr.hr-invisible.av-av_hr-5ea7596238ed9f191e6b5e662093052f{\nheight:30px;\n}\n<\/style>\n<div  class='hr av-av_hr-5ea7596238ed9f191e6b5e662093052f hr-invisible  avia-builder-el-15  el_after_av_one_third  el_before_av_textblock '><span class='hr-inner '><span class=\"hr-inner-style\"><\/span><\/span><\/div>\n\n<style type=\"text\/css\" data-created_by=\"avia_inline_auto\" id=\"style-css-av-av_textblock-c09fac0dabe4d96e7430e6715062a98a\">\n#top .av_textblock_section.av-av_textblock-c09fac0dabe4d96e7430e6715062a98a .avia_textblock{\nfont-size:12px;\n}\n<\/style>\n<section  class='av_textblock_section av-av_textblock-c09fac0dabe4d96e7430e6715062a98a '   itemscope=\"itemscope\" itemtype=\"https:\/\/schema.org\/CreativeWork\" ><div class='avia_textblock'  itemprop=\"text\" ><div class=\"span12\">\n<p style=\"text-align: center;\"><b>*Imagen basada en \u00abPort Vell\u00bb por\u00a0<a href=\"https:\/\/creativecommons.org\/licenses\/by\/2.0\" target=\"_blank\" rel=\"nofollow noopener noreferrer\">Cristina Valencia<\/a><\/b><\/p>\n<\/div>\n<\/div><\/section>\n<\/div><\/div><\/div><!-- close content main div --><\/div><\/div><div id='after_section_2'  class='main_color av_default_container_wrap container_wrap sidebar_right'  ><div class='container av-section-cont-open' ><div class='template-page content  av-content-small alpha units'><div class='post-entry post-entry-type-page post-entry-330'><div class='entry-content-wrapper clearfix'>\n","protected":false},"excerpt":{"rendered":"","protected":false},"author":1,"featured_media":0,"parent":0,"menu_order":50,"comment_status":"closed","ping_status":"closed","template":"","meta":[],"yoast_head":"<!-- This site is optimized with the Yoast SEO plugin v20.9 - https:\/\/yoast.com\/wordpress\/plugins\/seo\/ -->\n<title>Finques Gasc\u00f3n - Historia<\/title>\n<meta name=\"description\" content=\"Finques Gasc\u00f3n. Nuestra historia Desde 1968 nos dedicamos al asesoramiento y la gesti\u00f3n inmobiliaria en el conjunto de especialidades comprendidas en el mundo de la Propiedad Urbana.\" \/>\n<meta name=\"robots\" content=\"index, follow, max-snippet:-1, max-image-preview:large, max-video-preview:-1\" \/>\n<link rel=\"canonical\" href=\"https:\/\/finquesgascon.cat\/es\/historia\/\" \/>\n<meta property=\"og:locale\" content=\"es_ES\" \/>\n<meta property=\"og:type\" content=\"article\" \/>\n<meta property=\"og:title\" content=\"Finques Gasc\u00f3n - Historia\" \/>\n<meta property=\"og:description\" content=\"Finques Gasc\u00f3n. Nuestra historia Desde 1968 nos dedicamos al asesoramiento y la gesti\u00f3n inmobiliaria en el conjunto de especialidades comprendidas en el mundo de la Propiedad Urbana.\" \/>\n<meta property=\"og:url\" content=\"https:\/\/finquesgascon.cat\/es\/historia\/\" \/>\n<meta property=\"og:site_name\" content=\"Finques Gascon\" \/>\n<meta property=\"article:publisher\" content=\"https:\/\/www.facebook.com\/finquesgascon\/\" \/>\n<meta property=\"article:modified_time\" content=\"2019-09-13T08:34:36+00:00\" \/>\n<meta name=\"twitter:label1\" content=\"Tiempo de lectura\" \/>\n\t<meta name=\"twitter:data1\" content=\"5 minutos\" \/>\n<script type=\"application\/ld+json\" class=\"yoast-schema-graph\">{\"@context\":\"https:\/\/schema.org\",\"@graph\":[{\"@type\":\"WebPage\",\"@id\":\"https:\/\/finquesgascon.cat\/es\/historia\/\",\"url\":\"https:\/\/finquesgascon.cat\/es\/historia\/\",\"name\":\"Finques Gasc\u00f3n - Historia\",\"isPartOf\":{\"@id\":\"https:\/\/finquesgascon.cat\/#website\"},\"datePublished\":\"2018-12-07T09:13:25+00:00\",\"dateModified\":\"2019-09-13T08:34:36+00:00\",\"description\":\"Finques Gasc\u00f3n. Nuestra historia Desde 1968 nos dedicamos al asesoramiento y la gesti\u00f3n inmobiliaria en el conjunto de especialidades comprendidas en el mundo de la Propiedad Urbana.\",\"breadcrumb\":{\"@id\":\"https:\/\/finquesgascon.cat\/es\/historia\/#breadcrumb\"},\"inLanguage\":\"es\",\"potentialAction\":[{\"@type\":\"ReadAction\",\"target\":[\"https:\/\/finquesgascon.cat\/es\/historia\/\"]}]},{\"@type\":\"BreadcrumbList\",\"@id\":\"https:\/\/finquesgascon.cat\/es\/historia\/#breadcrumb\",\"itemListElement\":[{\"@type\":\"ListItem\",\"position\":1,\"name\":\"Portada\",\"item\":\"https:\/\/finquesgascon.cat\/es\/inicio\/\"},{\"@type\":\"ListItem\",\"position\":2,\"name\":\"Historia\"}]},{\"@type\":\"WebSite\",\"@id\":\"https:\/\/finquesgascon.cat\/#website\",\"url\":\"https:\/\/finquesgascon.cat\/\",\"name\":\"Finques Gascon\",\"description\":\"Finques Gascon\",\"potentialAction\":[{\"@type\":\"SearchAction\",\"target\":{\"@type\":\"EntryPoint\",\"urlTemplate\":\"https:\/\/finquesgascon.cat\/?s={search_term_string}\"},\"query-input\":\"required name=search_term_string\"}],\"inLanguage\":\"es\"}]}<\/script>\n<!-- \/ Yoast SEO plugin. -->","yoast_head_json":{"title":"Finques Gasc\u00f3n - Historia","description":"Finques Gasc\u00f3n. Nuestra historia Desde 1968 nos dedicamos al asesoramiento y la gesti\u00f3n inmobiliaria en el conjunto de especialidades comprendidas en el mundo de la Propiedad Urbana.","robots":{"index":"index","follow":"follow","max-snippet":"max-snippet:-1","max-image-preview":"max-image-preview:large","max-video-preview":"max-video-preview:-1"},"canonical":"https:\/\/finquesgascon.cat\/es\/historia\/","og_locale":"es_ES","og_type":"article","og_title":"Finques Gasc\u00f3n - Historia","og_description":"Finques Gasc\u00f3n. Nuestra historia Desde 1968 nos dedicamos al asesoramiento y la gesti\u00f3n inmobiliaria en el conjunto de especialidades comprendidas en el mundo de la Propiedad Urbana.","og_url":"https:\/\/finquesgascon.cat\/es\/historia\/","og_site_name":"Finques Gascon","article_publisher":"https:\/\/www.facebook.com\/finquesgascon\/","article_modified_time":"2019-09-13T08:34:36+00:00","twitter_misc":{"Tiempo de lectura":"5 minutos"},"schema":{"@context":"https:\/\/schema.org","@graph":[{"@type":"WebPage","@id":"https:\/\/finquesgascon.cat\/es\/historia\/","url":"https:\/\/finquesgascon.cat\/es\/historia\/","name":"Finques Gasc\u00f3n - Historia","isPartOf":{"@id":"https:\/\/finquesgascon.cat\/#website"},"datePublished":"2018-12-07T09:13:25+00:00","dateModified":"2019-09-13T08:34:36+00:00","description":"Finques Gasc\u00f3n. Nuestra historia Desde 1968 nos dedicamos al asesoramiento y la gesti\u00f3n inmobiliaria en el conjunto de especialidades comprendidas en el mundo de la Propiedad Urbana.","breadcrumb":{"@id":"https:\/\/finquesgascon.cat\/es\/historia\/#breadcrumb"},"inLanguage":"es","potentialAction":[{"@type":"ReadAction","target":["https:\/\/finquesgascon.cat\/es\/historia\/"]}]},{"@type":"BreadcrumbList","@id":"https:\/\/finquesgascon.cat\/es\/historia\/#breadcrumb","itemListElement":[{"@type":"ListItem","position":1,"name":"Portada","item":"https:\/\/finquesgascon.cat\/es\/inicio\/"},{"@type":"ListItem","position":2,"name":"Historia"}]},{"@type":"WebSite","@id":"https:\/\/finquesgascon.cat\/#website","url":"https:\/\/finquesgascon.cat\/","name":"Finques Gascon","description":"Finques Gascon","potentialAction":[{"@type":"SearchAction","target":{"@type":"EntryPoint","urlTemplate":"https:\/\/finquesgascon.cat\/?s={search_term_string}"},"query-input":"required name=search_term_string"}],"inLanguage":"es"}]}},"_links":{"self":[{"href":"https:\/\/finquesgascon.cat\/es\/wp-json\/wp\/v2\/pages\/330"}],"collection":[{"href":"https:\/\/finquesgascon.cat\/es\/wp-json\/wp\/v2\/pages"}],"about":[{"href":"https:\/\/finquesgascon.cat\/es\/wp-json\/wp\/v2\/types\/page"}],"author":[{"embeddable":true,"href":"https:\/\/finquesgascon.cat\/es\/wp-json\/wp\/v2\/users\/1"}],"replies":[{"embeddable":true,"href":"https:\/\/finquesgascon.cat\/es\/wp-json\/wp\/v2\/comments?post=330"}],"version-history":[{"count":10,"href":"https:\/\/finquesgascon.cat\/es\/wp-json\/wp\/v2\/pages\/330\/revisions"}],"predecessor-version":[{"id":1118,"href":"https:\/\/finquesgascon.cat\/es\/wp-json\/wp\/v2\/pages\/330\/revisions\/1118"}],"wp:attachment":[{"href":"https:\/\/finquesgascon.cat\/es\/wp-json\/wp\/v2\/media?parent=330"}],"curies":[{"name":"wp","href":"https:\/\/api.w.org\/{rel}","templated":true}]}}