{"id":306,"date":"2018-12-07T11:00:35","date_gmt":"2018-12-07T09:00:35","guid":{"rendered":"https:\/\/finquesgascon.cat\/?page_id=306"},"modified":"2019-09-17T10:32:23","modified_gmt":"2019-09-17T08:32:23","slug":"otros-servicios","status":"publish","type":"page","link":"https:\/\/finquesgascon.cat\/es\/otros-servicios\/","title":{"rendered":"Otros servicios"},"content":{"rendered":"\n<style type=\"text\/css\" data-created_by=\"avia_inline_auto\" id=\"style-css-av-av_heading-def0ec467716c725bb0a1449fd8aa046\">\n#top .av-special-heading.av-av_heading-def0ec467716c725bb0a1449fd8aa046{\npadding-bottom:10px;\n}\nbody .av-special-heading.av-av_heading-def0ec467716c725bb0a1449fd8aa046 .av-special-heading-tag .heading-char{\nfont-size:25px;\n}\n.av-special-heading.av-av_heading-def0ec467716c725bb0a1449fd8aa046 .av-subheading{\nfont-size:15px;\n}\n<\/style>\n<div  class='av-special-heading av-av_heading-def0ec467716c725bb0a1449fd8aa046 av-special-heading-h1  avia-builder-el-0  el_before_av_hr  avia-builder-el-first '><h1 class='av-special-heading-tag'  itemprop=\"headline\"  >Otros servicios<\/h1><div class=\"special-heading-border\"><div class=\"special-heading-inner-border\"><\/div><\/div><\/div>\n\n<style type=\"text\/css\" data-created_by=\"avia_inline_auto\" id=\"style-css-av-av_hr-5ea7596238ed9f191e6b5e662093052f\">\n#top .hr.hr-invisible.av-av_hr-5ea7596238ed9f191e6b5e662093052f{\nheight:30px;\n}\n<\/style>\n<div  class='hr av-av_hr-5ea7596238ed9f191e6b5e662093052f hr-invisible  avia-builder-el-1  el_after_av_heading  el_before_av_one_half '><span class='hr-inner '><span class=\"hr-inner-style\"><\/span><\/span><\/div>\n<div  class='flex_column av-av_one_half-2a9015ff38129c418a3f2eafba3e9512 av_one_half  avia-builder-el-2  el_after_av_hr  el_before_av_one_half  first flex_column_div  '     ><style type=\"text\/css\" data-created_by=\"avia_inline_auto\" id=\"style-css-av-av_iconlist-2266011ebaca02aedad0a0c1f53613f6\">\n#top .avia-icon-list-container.av-av_iconlist-2266011ebaca02aedad0a0c1f53613f6 .iconlist_icon{\ncolor:#ffffff;\nbackground-color:#2d5c88;\nborder:1px solid #2d5c88;\n}\n<\/style>\n<div  class='avia-icon-list-container av-av_iconlist-2266011ebaca02aedad0a0c1f53613f6  avia-builder-el-3  avia-builder-el-no-sibling '><ul class='avia-icon-list avia_animate_when_almost_visible avia-icon-list-left av-iconlist-big av-av_iconlist-2266011ebaca02aedad0a0c1f53613f6 avia-iconlist-animate'>\n<li><div class='iconlist_icon av-av_iconlist_item-2d2d331f0dc45bbb316e95cfa0815c58 avia-font-entypo-fontello'><span class='iconlist-char' aria-hidden='true' data-av_icon='\ue836' data-av_iconfont='entypo-fontello'><\/span><\/div><article class=\"article-icon-entry \"  itemscope=\"itemscope\" itemtype=\"https:\/\/schema.org\/CreativeWork\" ><div class=\"iconlist_content_wrap\"><header class=\"entry-content-header\"><h4 class='av_iconlist_title iconlist_title  '  itemprop=\"headline\" >Servicios jur\u00eddicos<\/h4><\/header><div class='iconlist_content '  itemprop=\"text\" ><ul>\n<li>Redacci\u00f3n y revisi\u00f3n de contratos<\/li>\n<li>Asesoramiento a Comunidades y propietarios, asistencia letrada a Juntas<\/li>\n<li>Procedimientos judiciales (morosidad, conflictos vecinales, etc.)<\/li>\n<li>Resoluci\u00f3n extrajudicial de conflictos<\/li>\n<\/ul>\n<\/div><\/div><footer class=\"entry-footer\"><\/footer><\/article><div class=\"iconlist-timeline\"><\/div><\/li>\n<li><div class='iconlist_icon av-av_iconlist_item-6254158f3ff8bc0f67b5fef5267d4672 avia-font-entypo-fontello'><span class='iconlist-char' aria-hidden='true' data-av_icon='\ue8bb' data-av_iconfont='entypo-fontello'><\/span><\/div><article class=\"article-icon-entry \"  itemscope=\"itemscope\" itemtype=\"https:\/\/schema.org\/CreativeWork\" ><div class=\"iconlist_content_wrap\"><header class=\"entry-content-header\"><h4 class='av_iconlist_title iconlist_title  '  itemprop=\"headline\" >Servicios fiscales y de asesoramiento patrimonial<\/h4><\/header><div class='iconlist_content '  itemprop=\"text\" ><ul>\n<li>Asesoramiento fiscal en operaciones inmobiliarias (IRPF, IVA, Patrimonio)<\/li>\n<li>Reorganizaci\u00f3n patrimonial y optimizaci\u00f3n fiscal<\/li>\n<li>Gesti\u00f3n de las obligaciones fiscales peri\u00f3dicas de comunidades y propietarios<\/li>\n<li>Asistencia letrada en procedimientos contenciosos<\/li>\n<\/ul>\n<\/div><\/div><footer class=\"entry-footer\"><\/footer><\/article><div class=\"iconlist-timeline\"><\/div><\/li>\n<li><div class='iconlist_icon av-av_iconlist_item-fae63d95572636b948a1fad63fb1b02f avia-font-entypo-fontello'><span class='iconlist-char' aria-hidden='true' data-av_icon='\ue80b' data-av_iconfont='entypo-fontello'><\/span><\/div><article class=\"article-icon-entry \"  itemscope=\"itemscope\" itemtype=\"https:\/\/schema.org\/CreativeWork\" ><div class=\"iconlist_content_wrap\"><header class=\"entry-content-header\"><h4 class='av_iconlist_title iconlist_title  '  itemprop=\"headline\" >Servicios laborales<\/h4><\/header><div class='iconlist_content '  itemprop=\"text\" ><ul>\n<li>Gesti\u00f3n de todas las obligaciones laborales de las comunidades<\/li>\n<li>Despidos, conciliaciones<\/li>\n<li>Asesoramiento de car\u00e1cter laboral especial (estudios de jubilaci\u00f3n, etc.)<\/li>\n<li>Asistencia letrada en procedimientos judiciales<\/li>\n<\/ul>\n<\/div><\/div><footer class=\"entry-footer\"><\/footer><\/article><div class=\"iconlist-timeline\"><\/div><\/li>\n<li><div class='iconlist_icon av-av_iconlist_item-d4f00fe2283fdfd8c945585cd0db8d94 avia-font-entypo-fontello'><span class='iconlist-char' aria-hidden='true' data-av_icon='\ue824' data-av_iconfont='entypo-fontello'><\/span><\/div><article class=\"article-icon-entry \"  itemscope=\"itemscope\" itemtype=\"https:\/\/schema.org\/CreativeWork\" ><div class=\"iconlist_content_wrap\"><header class=\"entry-content-header\"><h4 class='av_iconlist_title iconlist_title  '  itemprop=\"headline\" >Seguros<\/h4><\/header><div class='iconlist_content '  itemprop=\"text\" ><ul>\n<li>Multiriesgo\u00a0comunidades<\/li>\n<li>Multiriesgo hogar\u00a0| comercio\u00a0| industrial<\/li>\n<li>Protecci\u00f3n\u00a0del alquiler<\/li>\n<li>Responsabilidad\u00a0civil<\/li>\n<li>Incendio<\/li>\n<li>Accidente<\/li>\n<li>Veh\u00edculos<\/li>\n<li>Defensa jur\u00eddica<\/li>\n<\/ul>\n<\/div><\/div><footer class=\"entry-footer\"><\/footer><\/article><div class=\"iconlist-timeline\"><\/div><\/li>\n<\/ul><\/div><\/div>\n<div  class='flex_column av-av_one_half-75d3b6862cb92909ce7b9878f30b6cf9 av_one_half  avia-builder-el-4  el_after_av_one_half  el_before_av_one_half  flex_column_div  '     ><style type=\"text\/css\" data-created_by=\"avia_inline_auto\" id=\"style-css-av-av_image-e1d856fab113a6a3f913a66baf760c54\">\n.avia-image-container.av-av_image-e1d856fab113a6a3f913a66baf760c54 img.avia_image{\nbox-shadow:none;\n}\n.avia-image-container.av-av_image-e1d856fab113a6a3f913a66baf760c54 .av-image-caption-overlay-center{\ncolor:#ffffff;\n}\n<\/style>\n<div  class='avia-image-container av-av_image-e1d856fab113a6a3f913a66baf760c54 av-styling- avia-align-center  avia-builder-el-5  avia-builder-el-no-sibling '   itemprop=\"image\" itemscope=\"itemscope\" itemtype=\"https:\/\/schema.org\/ImageObject\" ><div class=\"avia-image-container-inner\"><div class=\"avia-image-overlay-wrap\"><img decoding=\"async\" class='wp-image-880 avia-img-lazy-loading-not-880 avia_image ' src=\"https:\/\/finquesgascon.cat\/wp-content\/uploads\/2019\/09\/otros-servicios.jpg\" alt='otros-servicios' title=''  height=\"853\" width=\"642\"  itemprop=\"thumbnailUrl\" srcset=\"https:\/\/finquesgascon.cat\/wp-content\/uploads\/2019\/09\/otros-servicios.jpg 642w, https:\/\/finquesgascon.cat\/wp-content\/uploads\/2019\/09\/otros-servicios-226x300.jpg 226w, https:\/\/finquesgascon.cat\/wp-content\/uploads\/2019\/09\/otros-servicios-531x705.jpg 531w, https:\/\/finquesgascon.cat\/wp-content\/uploads\/2019\/09\/otros-servicios-600x797.jpg 600w\" sizes=\"(max-width: 642px) 100vw, 642px\" \/><\/div><\/div><\/div><\/div>\n<div  class='flex_column av-av_one_half-2a9015ff38129c418a3f2eafba3e9512 av_one_half  avia-builder-el-6  el_after_av_one_half  el_before_av_one_half  first flex_column_div  column-top-margin'     ><style type=\"text\/css\" data-created_by=\"avia_inline_auto\" id=\"style-css-av-av_image-1b33fc366a3e07e9707ad53d31a3b0cb\">\n.avia-image-container.av-av_image-1b33fc366a3e07e9707ad53d31a3b0cb img.avia_image{\nbox-shadow:none;\n}\n.avia-image-container.av-av_image-1b33fc366a3e07e9707ad53d31a3b0cb .av-image-caption-overlay-center{\ncolor:#ffffff;\n}\n<\/style>\n<div  class='avia-image-container av-av_image-1b33fc366a3e07e9707ad53d31a3b0cb av-styling- avia-align-center  avia-builder-el-7  avia-builder-el-no-sibling '   itemprop=\"image\" itemscope=\"itemscope\" itemtype=\"https:\/\/schema.org\/ImageObject\" ><div class=\"avia-image-container-inner\"><div class=\"avia-image-overlay-wrap\"><img decoding=\"async\" class='wp-image-381 avia-img-lazy-loading-not-381 avia_image ' src=\"https:\/\/finquesgascon.cat\/wp-content\/uploads\/2018\/12\/signature-962355_640.jpg\" alt='signature-962355_640' title=''  height=\"480\" width=\"640\"  itemprop=\"thumbnailUrl\" srcset=\"https:\/\/finquesgascon.cat\/wp-content\/uploads\/2018\/12\/signature-962355_640.jpg 640w, https:\/\/finquesgascon.cat\/wp-content\/uploads\/2018\/12\/signature-962355_640-300x225.jpg 300w, https:\/\/finquesgascon.cat\/wp-content\/uploads\/2018\/12\/signature-962355_640-600x450.jpg 600w\" sizes=\"(max-width: 640px) 100vw, 640px\" \/><\/div><\/div><\/div><\/div>\n<div  class='flex_column av-av_one_half-75d3b6862cb92909ce7b9878f30b6cf9 av_one_half  avia-builder-el-8  el_after_av_one_half  avia-builder-el-last  flex_column_div  column-top-margin'     ><p><section  class='av_textblock_section av-av_textblock-2de302bf1aa3cf4c9157dbe6f50ac7eb '   itemscope=\"itemscope\" itemtype=\"https:\/\/schema.org\/CreativeWork\" ><div class='avia_textblock'  itemprop=\"text\" ><p>As\u00ed mismo nuestros colaboradores pueden ofrecerles otros servicios:<\/p>\n<ul>\n<li>Tramitaci\u00f3n de herencias<\/li>\n<li>Testamentos<\/li>\n<li>Divorcios<\/li>\n<li>Derecho bancario<\/li>\n<li>Sucesiones de empresa<\/li>\n<li>Compra-ventas de empresas<\/li>\n<li>Due diligences<\/li>\n<li>Compliance tributario<\/li>\n<li>Seguros de Accidente<\/li>\n<li>Seguros Veh\u00edculos<\/li>\n<li>Defensa jur\u00eddica<\/li>\n<\/ul>\n<\/div><\/section><br \/>\n\n<style type=\"text\/css\" data-created_by=\"avia_inline_auto\" id=\"style-css-av-av_hr-5ea7596238ed9f191e6b5e662093052f\">\n#top .hr.hr-invisible.av-av_hr-5ea7596238ed9f191e6b5e662093052f{\nheight:30px;\n}\n<\/style>\n<div  class='hr av-av_hr-5ea7596238ed9f191e6b5e662093052f hr-invisible  avia-builder-el-10  el_after_av_textblock  el_before_av_button '><span class='hr-inner '><span class=\"hr-inner-style\"><\/span><\/span><\/div><br \/>\n<div  class='avia-button-wrap av-av_button-8f7883a8d49f9b6a989311fc77efe122-wrap avia-button-center  avia-builder-el-11  el_after_av_hr  avia-builder-el-last '><a href='https:\/\/finquesgascon.cat\/es\/inmuebles\/'  class='avia-button av-av_button-8f7883a8d49f9b6a989311fc77efe122 avia-icon_select-no avia-size-large avia-position-center avia-color-theme-color'  ><span class='avia_iconbox_title' >Ver inmuebles<\/span><\/a><\/div><\/p><\/div>\n","protected":false},"excerpt":{"rendered":"","protected":false},"author":1,"featured_media":0,"parent":0,"menu_order":600,"comment_status":"closed","ping_status":"closed","template":"","meta":[],"yoast_head":"<!-- This site is optimized with the Yoast SEO plugin v20.9 - https:\/\/yoast.com\/wordpress\/plugins\/seo\/ -->\n<title>Finques Gasc\u00f3n - Legal<\/title>\n<meta name=\"description\" content=\"Departamento Legal Redacci\u00f3n de contratos De compraventa, alquiler, opci\u00f3n de compra, arras, traspasos de locales comerciales.\" \/>\n<meta name=\"robots\" content=\"index, follow, max-snippet:-1, max-image-preview:large, max-video-preview:-1\" \/>\n<link rel=\"canonical\" href=\"https:\/\/finquesgascon.cat\/es\/otros-servicios\/\" \/>\n<meta property=\"og:locale\" content=\"es_ES\" \/>\n<meta property=\"og:type\" content=\"article\" \/>\n<meta property=\"og:title\" content=\"Finques Gasc\u00f3n - Legal\" \/>\n<meta property=\"og:description\" content=\"Departamento Legal Redacci\u00f3n de contratos De compraventa, alquiler, opci\u00f3n de compra, arras, traspasos de locales comerciales.\" \/>\n<meta property=\"og:url\" content=\"https:\/\/finquesgascon.cat\/es\/otros-servicios\/\" \/>\n<meta property=\"og:site_name\" content=\"Finques Gascon\" \/>\n<meta property=\"article:publisher\" content=\"https:\/\/www.facebook.com\/finquesgascon\/\" \/>\n<meta property=\"article:modified_time\" content=\"2019-09-17T08:32:23+00:00\" \/>\n<meta name=\"twitter:label1\" content=\"Tiempo de lectura\" \/>\n\t<meta name=\"twitter:data1\" content=\"3 minutos\" \/>\n<script type=\"application\/ld+json\" class=\"yoast-schema-graph\">{\"@context\":\"https:\/\/schema.org\",\"@graph\":[{\"@type\":\"WebPage\",\"@id\":\"https:\/\/finquesgascon.cat\/es\/otros-servicios\/\",\"url\":\"https:\/\/finquesgascon.cat\/es\/otros-servicios\/\",\"name\":\"Finques Gasc\u00f3n - Legal\",\"isPartOf\":{\"@id\":\"https:\/\/finquesgascon.cat\/#website\"},\"datePublished\":\"2018-12-07T09:00:35+00:00\",\"dateModified\":\"2019-09-17T08:32:23+00:00\",\"description\":\"Departamento Legal Redacci\u00f3n de contratos De compraventa, alquiler, opci\u00f3n de compra, arras, traspasos de locales comerciales.\",\"breadcrumb\":{\"@id\":\"https:\/\/finquesgascon.cat\/es\/otros-servicios\/#breadcrumb\"},\"inLanguage\":\"es\",\"potentialAction\":[{\"@type\":\"ReadAction\",\"target\":[\"https:\/\/finquesgascon.cat\/es\/otros-servicios\/\"]}]},{\"@type\":\"BreadcrumbList\",\"@id\":\"https:\/\/finquesgascon.cat\/es\/otros-servicios\/#breadcrumb\",\"itemListElement\":[{\"@type\":\"ListItem\",\"position\":1,\"name\":\"Portada\",\"item\":\"https:\/\/finquesgascon.cat\/es\/inicio\/\"},{\"@type\":\"ListItem\",\"position\":2,\"name\":\"Otros servicios\"}]},{\"@type\":\"WebSite\",\"@id\":\"https:\/\/finquesgascon.cat\/#website\",\"url\":\"https:\/\/finquesgascon.cat\/\",\"name\":\"Finques Gascon\",\"description\":\"Finques Gascon\",\"potentialAction\":[{\"@type\":\"SearchAction\",\"target\":{\"@type\":\"EntryPoint\",\"urlTemplate\":\"https:\/\/finquesgascon.cat\/?s={search_term_string}\"},\"query-input\":\"required name=search_term_string\"}],\"inLanguage\":\"es\"}]}<\/script>\n<!-- \/ Yoast SEO plugin. -->","yoast_head_json":{"title":"Finques Gasc\u00f3n - Legal","description":"Departamento Legal Redacci\u00f3n de contratos De compraventa, alquiler, opci\u00f3n de compra, arras, traspasos de locales comerciales.","robots":{"index":"index","follow":"follow","max-snippet":"max-snippet:-1","max-image-preview":"max-image-preview:large","max-video-preview":"max-video-preview:-1"},"canonical":"https:\/\/finquesgascon.cat\/es\/otros-servicios\/","og_locale":"es_ES","og_type":"article","og_title":"Finques Gasc\u00f3n - Legal","og_description":"Departamento Legal Redacci\u00f3n de contratos De compraventa, alquiler, opci\u00f3n de compra, arras, traspasos de locales comerciales.","og_url":"https:\/\/finquesgascon.cat\/es\/otros-servicios\/","og_site_name":"Finques Gascon","article_publisher":"https:\/\/www.facebook.com\/finquesgascon\/","article_modified_time":"2019-09-17T08:32:23+00:00","twitter_misc":{"Tiempo de lectura":"3 minutos"},"schema":{"@context":"https:\/\/schema.org","@graph":[{"@type":"WebPage","@id":"https:\/\/finquesgascon.cat\/es\/otros-servicios\/","url":"https:\/\/finquesgascon.cat\/es\/otros-servicios\/","name":"Finques Gasc\u00f3n - Legal","isPartOf":{"@id":"https:\/\/finquesgascon.cat\/#website"},"datePublished":"2018-12-07T09:00:35+00:00","dateModified":"2019-09-17T08:32:23+00:00","description":"Departamento Legal Redacci\u00f3n de contratos De compraventa, alquiler, opci\u00f3n de compra, arras, traspasos de locales comerciales.","breadcrumb":{"@id":"https:\/\/finquesgascon.cat\/es\/otros-servicios\/#breadcrumb"},"inLanguage":"es","potentialAction":[{"@type":"ReadAction","target":["https:\/\/finquesgascon.cat\/es\/otros-servicios\/"]}]},{"@type":"BreadcrumbList","@id":"https:\/\/finquesgascon.cat\/es\/otros-servicios\/#breadcrumb","itemListElement":[{"@type":"ListItem","position":1,"name":"Portada","item":"https:\/\/finquesgascon.cat\/es\/inicio\/"},{"@type":"ListItem","position":2,"name":"Otros servicios"}]},{"@type":"WebSite","@id":"https:\/\/finquesgascon.cat\/#website","url":"https:\/\/finquesgascon.cat\/","name":"Finques Gascon","description":"Finques Gascon","potentialAction":[{"@type":"SearchAction","target":{"@type":"EntryPoint","urlTemplate":"https:\/\/finquesgascon.cat\/?s={search_term_string}"},"query-input":"required name=search_term_string"}],"inLanguage":"es"}]}},"_links":{"self":[{"href":"https:\/\/finquesgascon.cat\/es\/wp-json\/wp\/v2\/pages\/306"}],"collection":[{"href":"https:\/\/finquesgascon.cat\/es\/wp-json\/wp\/v2\/pages"}],"about":[{"href":"https:\/\/finquesgascon.cat\/es\/wp-json\/wp\/v2\/types\/page"}],"author":[{"embeddable":true,"href":"https:\/\/finquesgascon.cat\/es\/wp-json\/wp\/v2\/users\/1"}],"replies":[{"embeddable":true,"href":"https:\/\/finquesgascon.cat\/es\/wp-json\/wp\/v2\/comments?post=306"}],"version-history":[{"count":10,"href":"https:\/\/finquesgascon.cat\/es\/wp-json\/wp\/v2\/pages\/306\/revisions"}],"predecessor-version":[{"id":1101,"href":"https:\/\/finquesgascon.cat\/es\/wp-json\/wp\/v2\/pages\/306\/revisions\/1101"}],"wp:attachment":[{"href":"https:\/\/finquesgascon.cat\/es\/wp-json\/wp\/v2\/media?parent=306"}],"curies":[{"name":"wp","href":"https:\/\/api.w.org\/{rel}","templated":true}]}}