{"id":15,"date":"2015-07-06T21:23:37","date_gmt":"2015-07-06T19:23:37","guid":{"rendered":"https:\/\/finquesgascon.cat\/?page_id=15"},"modified":"2025-01-22T01:36:54","modified_gmt":"2025-01-21T23:36:54","slug":"contacto","status":"publish","type":"page","link":"https:\/\/finquesgascon.cat\/es\/contacto\/","title":{"rendered":"Contacto"},"content":{"rendered":"<div  class='flex_column av-r40j-3857b87a5cd378c687c8e45a25a4df37 av_one_fifth  avia-builder-el-0  el_before_av_two_fifth  avia-builder-el-first  first flex_column_div  '     ><\/div>\n\n<style type=\"text\/css\" data-created_by=\"avia_inline_auto\" id=\"style-css-av-73ywj-b1d8126bc7b9dac949f37fd3755bde82\">\n.flex_column.av-73ywj-b1d8126bc7b9dac949f37fd3755bde82{\n-webkit-border-radius:0px 0px 0px 0px;\n-moz-border-radius:0px 0px 0px 0px;\nborder-radius:0px 0px 0px 0px;\npadding:0px 0px 0px 0px;\n}\n<\/style>\n<div  class='flex_column av-73ywj-b1d8126bc7b9dac949f37fd3755bde82 av_two_fifth  avia-builder-el-1  el_after_av_one_fifth  el_before_av_two_fifth  flex_column_div av-zero-column-padding  '     ><form action=\"https:\/\/finquesgascon.cat\/es\/contacto\/\" method=\"post\" data-fields-with-error=\"Found errors in the following field(s):\" class=\"avia_ajax_form av-form-labels-visible   avia-builder-el-2  avia-builder-el-no-sibling   \" data-avia-form-id=\"1\" data-avia-redirect='' ><h3 class=''>Cont\u00e1ctanos<\/h3><fieldset><p class='  first_form  form_element form_fullwidth' id='element_avia_1_1'><label for=\"avia_1_1\">Nombre <abbr class=\"required\" title=\"requerido\">*<\/abbr><\/label> <input name=\"avia_1_1\" class=\"text_input is_empty\" type=\"text\" id=\"avia_1_1\" value=\"\" \/><\/p><p class='  first_form  form_element form_fullwidth' id='element_avia_2_1'><label for=\"avia_2_1\">Tel\u00e9fono <abbr class=\"required\" title=\"requerido\">*<\/abbr><\/label> <input name=\"avia_2_1\" class=\"text_input is_empty\" type=\"text\" id=\"avia_2_1\" value=\"\" \/><\/p><p class='  first_form  form_element form_fullwidth' id='element_avia_3_1'><label for=\"avia_3_1\">Correo electr\u00f3nico <abbr class=\"required\" title=\"requerido\">*<\/abbr><\/label> <input name=\"avia_3_1\" class=\"text_input is_email\" type=\"text\" id=\"avia_3_1\" value=\"\" \/><\/p><p class='  first_form  form_element form_fullwidth' id='element_avia_4_1'><label for=\"avia_4_1\">Asunto <abbr class=\"required\" title=\"requerido\">*<\/abbr><\/label> <input name=\"avia_4_1\" class=\"text_input is_empty\" type=\"text\" id=\"avia_4_1\" value=\"\" \/><\/p><p class='  first_form  form_element form_fullwidth' id='element_avia_5_1'><label for=\"avia_5_1\" class=\"textare_label hidden textare_label_avia_5_1\">Mensaje <abbr class=\"required\" title=\"requerido\">*<\/abbr><\/label><textarea  name=\"avia_5_1\" class=\"text_area is_empty\" cols=\"40\" rows=\"7\" id=\"avia_5_1\" ><\/textarea><\/p><p class='  first_form  form_element form_fullwidth' id='element_avia_6_1'><input  name=\"avia_6_1\" class=\"input_checkbox is_empty\" type=\"checkbox\" id=\"avia_6_1\" value=\"true\"\/><label class=\"input_checkbox_label\" for=\"avia_6_1\">Acepto los <a href=\"https:\/\/finquesgascon.cat\/aviso-legal\/\" target=\"_blank\" rel=\"noopener\">t\u00e9rminos<\/a> y <a href=\"https:\/\/finquesgascon.cat\/politica-de-privacidad\/\" target=\"_blank\" rel=\"noopener\">condiciones<\/a> <abbr class=\"required\" title=\"requerido\">*<\/abbr><\/label><\/p><p class=\"hidden\"><input type=\"text\" name=\"avia_7_1\" class=\"hidden \" id=\"avia_7_1\" value=\"\" \/><\/p><p class='   form_element form_fullwidth' id='element_avia_8_1'><span class='value_verifier_label'>1 + 6 = ?<\/span><input name=\"avia_8_1_verifier\" type=\"hidden\" id=\"avia_8_1_verifier\" value=\"172867777\"\/><label for=\"avia_8_1\">Para mayor seguridad, responde la siguiente pregunta <abbr class=\"required\" title=\"requerido\">*<\/abbr><\/label><input name=\"avia_8_1\" class=\"text_input captcha\" type=\"text\" id=\"avia_8_1\" value=\"\"\/><\/p><p class=\"form_element \"><input type=\"hidden\" value=\"1\" name=\"avia_generated_form1\" \/><input type=\"submit\" value=\"Enviar\" class=\"button\"  data-sending-label=\"Enviando\"\/><\/p><\/fieldset><\/form><div id=\"ajaxresponse_1\" class=\"ajaxresponse ajaxresponse_1 hidden\"><\/div><\/div>\n\n<style type=\"text\/css\" data-created_by=\"avia_inline_auto\" id=\"style-css-av-1ywbr-6fa13ac119a3062da94717d43ee8f1e8\">\n.flex_column.av-1ywbr-6fa13ac119a3062da94717d43ee8f1e8{\n-webkit-border-radius:0px 0px 0px 0px;\n-moz-border-radius:0px 0px 0px 0px;\nborder-radius:0px 0px 0px 0px;\npadding:0px 0px 0px 0px;\n}\n<\/style>\n<div  class='flex_column av-1ywbr-6fa13ac119a3062da94717d43ee8f1e8 av_two_fifth  avia-builder-el-3  el_after_av_two_fifth  el_before_av_hr  flex_column_div av-zero-column-padding  '     ><\/div>\n<style type=\"text\/css\" data-created_by=\"avia_inline_auto\" id=\"style-css-av-1h44j-8b3e30c69eca9fb449a1cbe398c821c2\">\n#top .hr.hr-invisible.av-1h44j-8b3e30c69eca9fb449a1cbe398c821c2{\nheight:30px;\n}\n<\/style>\n<div  class='hr av-1h44j-8b3e30c69eca9fb449a1cbe398c821c2 hr-invisible  avia-builder-el-5  el_after_av_two_fifth  el_before_av_codeblock '><span class='hr-inner '><span class=\"hr-inner-style\"><\/span><\/span><\/div><\/p>\n\n","protected":false},"excerpt":{"rendered":"","protected":false},"author":1,"featured_media":0,"parent":0,"menu_order":800,"comment_status":"closed","ping_status":"open","template":"","meta":[],"yoast_head":"<!-- This site is optimized with the Yoast SEO plugin v20.9 - https:\/\/yoast.com\/wordpress\/plugins\/seo\/ -->\n<title>Finques Gasc\u00f3n - Contacto<\/title>\n<meta name=\"description\" content=\"Finques Gasc\u00f3n Carrer de la Diputaci\u00f3, 268 08007 Barcelona, Catalu\u00f1a, Espa\u00f1a Tel. (+34) 93 215 15 00 Horario: L-V: 9:00 a 19:00 V: 8:00 a 15:00 oficina@finquesgascon.cat\" \/>\n<meta name=\"robots\" content=\"index, follow, max-snippet:-1, max-image-preview:large, max-video-preview:-1\" \/>\n<link rel=\"canonical\" href=\"https:\/\/finquesgascon.cat\/es\/contacto\/\" \/>\n<meta property=\"og:locale\" content=\"es_ES\" \/>\n<meta property=\"og:type\" content=\"article\" \/>\n<meta property=\"og:title\" content=\"Finques Gasc\u00f3n - Contacto\" \/>\n<meta property=\"og:description\" content=\"Finques Gasc\u00f3n Carrer de la Diputaci\u00f3, 268 08007 Barcelona, Catalu\u00f1a, Espa\u00f1a Tel. (+34) 93 215 15 00 Horario: L-V: 9:00 a 19:00 V: 8:00 a 15:00 oficina@finquesgascon.cat\" \/>\n<meta property=\"og:url\" content=\"https:\/\/finquesgascon.cat\/es\/contacto\/\" \/>\n<meta property=\"og:site_name\" content=\"Finques Gascon\" \/>\n<meta property=\"article:publisher\" content=\"https:\/\/www.facebook.com\/finquesgascon\/\" \/>\n<meta property=\"article:modified_time\" content=\"2025-01-21T23:36:54+00:00\" \/>\n<meta name=\"twitter:label1\" content=\"Tiempo de lectura\" \/>\n\t<meta name=\"twitter:data1\" content=\"1 minuto\" \/>\n<script type=\"application\/ld+json\" class=\"yoast-schema-graph\">{\"@context\":\"https:\/\/schema.org\",\"@graph\":[{\"@type\":\"WebPage\",\"@id\":\"https:\/\/finquesgascon.cat\/es\/contacto\/\",\"url\":\"https:\/\/finquesgascon.cat\/es\/contacto\/\",\"name\":\"Finques Gasc\u00f3n - Contacto\",\"isPartOf\":{\"@id\":\"https:\/\/finquesgascon.cat\/#website\"},\"datePublished\":\"2015-07-06T19:23:37+00:00\",\"dateModified\":\"2025-01-21T23:36:54+00:00\",\"description\":\"Finques Gasc\u00f3n Carrer de la Diputaci\u00f3, 268 08007 Barcelona, Catalu\u00f1a, Espa\u00f1a Tel. (+34) 93 215 15 00 Horario: L-V: 9:00 a 19:00 V: 8:00 a 15:00 oficina@finquesgascon.cat\",\"breadcrumb\":{\"@id\":\"https:\/\/finquesgascon.cat\/es\/contacto\/#breadcrumb\"},\"inLanguage\":\"es\",\"potentialAction\":[{\"@type\":\"ReadAction\",\"target\":[\"https:\/\/finquesgascon.cat\/es\/contacto\/\"]}]},{\"@type\":\"BreadcrumbList\",\"@id\":\"https:\/\/finquesgascon.cat\/es\/contacto\/#breadcrumb\",\"itemListElement\":[{\"@type\":\"ListItem\",\"position\":1,\"name\":\"Portada\",\"item\":\"https:\/\/finquesgascon.cat\/es\/inicio\/\"},{\"@type\":\"ListItem\",\"position\":2,\"name\":\"Contacto\"}]},{\"@type\":\"WebSite\",\"@id\":\"https:\/\/finquesgascon.cat\/#website\",\"url\":\"https:\/\/finquesgascon.cat\/\",\"name\":\"Finques Gascon\",\"description\":\"Finques Gascon\",\"potentialAction\":[{\"@type\":\"SearchAction\",\"target\":{\"@type\":\"EntryPoint\",\"urlTemplate\":\"https:\/\/finquesgascon.cat\/?s={search_term_string}\"},\"query-input\":\"required name=search_term_string\"}],\"inLanguage\":\"es\"}]}<\/script>\n<!-- \/ Yoast SEO plugin. -->","yoast_head_json":{"title":"Finques Gasc\u00f3n - Contacto","description":"Finques Gasc\u00f3n Carrer de la Diputaci\u00f3, 268 08007 Barcelona, Catalu\u00f1a, Espa\u00f1a Tel. (+34) 93 215 15 00 Horario: L-V: 9:00 a 19:00 V: 8:00 a 15:00 oficina@finquesgascon.cat","robots":{"index":"index","follow":"follow","max-snippet":"max-snippet:-1","max-image-preview":"max-image-preview:large","max-video-preview":"max-video-preview:-1"},"canonical":"https:\/\/finquesgascon.cat\/es\/contacto\/","og_locale":"es_ES","og_type":"article","og_title":"Finques Gasc\u00f3n - Contacto","og_description":"Finques Gasc\u00f3n Carrer de la Diputaci\u00f3, 268 08007 Barcelona, Catalu\u00f1a, Espa\u00f1a Tel. (+34) 93 215 15 00 Horario: L-V: 9:00 a 19:00 V: 8:00 a 15:00 oficina@finquesgascon.cat","og_url":"https:\/\/finquesgascon.cat\/es\/contacto\/","og_site_name":"Finques Gascon","article_publisher":"https:\/\/www.facebook.com\/finquesgascon\/","article_modified_time":"2025-01-21T23:36:54+00:00","twitter_misc":{"Tiempo de lectura":"1 minuto"},"schema":{"@context":"https:\/\/schema.org","@graph":[{"@type":"WebPage","@id":"https:\/\/finquesgascon.cat\/es\/contacto\/","url":"https:\/\/finquesgascon.cat\/es\/contacto\/","name":"Finques Gasc\u00f3n - Contacto","isPartOf":{"@id":"https:\/\/finquesgascon.cat\/#website"},"datePublished":"2015-07-06T19:23:37+00:00","dateModified":"2025-01-21T23:36:54+00:00","description":"Finques Gasc\u00f3n Carrer de la Diputaci\u00f3, 268 08007 Barcelona, Catalu\u00f1a, Espa\u00f1a Tel. (+34) 93 215 15 00 Horario: L-V: 9:00 a 19:00 V: 8:00 a 15:00 oficina@finquesgascon.cat","breadcrumb":{"@id":"https:\/\/finquesgascon.cat\/es\/contacto\/#breadcrumb"},"inLanguage":"es","potentialAction":[{"@type":"ReadAction","target":["https:\/\/finquesgascon.cat\/es\/contacto\/"]}]},{"@type":"BreadcrumbList","@id":"https:\/\/finquesgascon.cat\/es\/contacto\/#breadcrumb","itemListElement":[{"@type":"ListItem","position":1,"name":"Portada","item":"https:\/\/finquesgascon.cat\/es\/inicio\/"},{"@type":"ListItem","position":2,"name":"Contacto"}]},{"@type":"WebSite","@id":"https:\/\/finquesgascon.cat\/#website","url":"https:\/\/finquesgascon.cat\/","name":"Finques Gascon","description":"Finques Gascon","potentialAction":[{"@type":"SearchAction","target":{"@type":"EntryPoint","urlTemplate":"https:\/\/finquesgascon.cat\/?s={search_term_string}"},"query-input":"required name=search_term_string"}],"inLanguage":"es"}]}},"_links":{"self":[{"href":"https:\/\/finquesgascon.cat\/es\/wp-json\/wp\/v2\/pages\/15"}],"collection":[{"href":"https:\/\/finquesgascon.cat\/es\/wp-json\/wp\/v2\/pages"}],"about":[{"href":"https:\/\/finquesgascon.cat\/es\/wp-json\/wp\/v2\/types\/page"}],"author":[{"embeddable":true,"href":"https:\/\/finquesgascon.cat\/es\/wp-json\/wp\/v2\/users\/1"}],"replies":[{"embeddable":true,"href":"https:\/\/finquesgascon.cat\/es\/wp-json\/wp\/v2\/comments?post=15"}],"version-history":[{"count":11,"href":"https:\/\/finquesgascon.cat\/es\/wp-json\/wp\/v2\/pages\/15\/revisions"}],"predecessor-version":[{"id":1186,"href":"https:\/\/finquesgascon.cat\/es\/wp-json\/wp\/v2\/pages\/15\/revisions\/1186"}],"wp:attachment":[{"href":"https:\/\/finquesgascon.cat\/es\/wp-json\/wp\/v2\/media?parent=15"}],"curies":[{"name":"wp","href":"https:\/\/api.w.org\/{rel}","templated":true}]}}